{"id":2645,"date":"2022-09-12T11:26:14","date_gmt":"2022-09-12T14:26:14","guid":{"rendered":"https:\/\/www.acreditafa.com\/informeclubes\/repo\/?page_id=2645"},"modified":"2023-01-25T12:29:46","modified_gmt":"2023-01-25T15:29:46","slug":"palabras-ornella","status":"publish","type":"page","link":"https:\/\/informeafa.com\/2022\/palabras-ornella\/","title":{"rendered":"Palabras de la Directora de F\u00fatbol Profesional de la FIFA"},"content":{"rendered":"\t\t<div data-elementor-type=\"wp-page\" data-elementor-id=\"2645\" class=\"elementor elementor-2645\" data-elementor-post-type=\"page\">\n\t\t\t\t\t\t\t\t\t<section class=\"elementor-section elementor-top-section elementor-element elementor-element-b890f24 elementor-section-boxed elementor-section-height-default elementor-section-height-default\" data-id=\"b890f24\" data-element_type=\"section\" data-settings=\"{&quot;jet_parallax_layout_list&quot;:[],&quot;background_background&quot;:&quot;gradient&quot;}\">\n\t\t\t\t\t\t<div class=\"elementor-container elementor-column-gap-default\">\n\t\t\t\t\t<div class=\"elementor-column elementor-col-100 elementor-top-column elementor-element elementor-element-fd5a1ca\" data-id=\"fd5a1ca\" data-element_type=\"column\">\n\t\t\t<div class=\"elementor-widget-wrap elementor-element-populated\">\n\t\t\t\t\t\t\t\t<div class=\"elementor-element elementor-element-5141042 elementor-widget elementor-widget-heading\" data-id=\"5141042\" data-element_type=\"widget\" data-widget_type=\"heading.default\">\n\t\t\t\t<div class=\"elementor-widget-container\">\n\t\t\t<style>\/*! elementor - v3.18.0 - 06-12-2023 *\/\n.elementor-heading-title{padding:0;margin:0;line-height:1}.elementor-widget-heading .elementor-heading-title[class*=elementor-size-]>a{color:inherit;font-size:inherit;line-height:inherit}.elementor-widget-heading .elementor-heading-title.elementor-size-small{font-size:15px}.elementor-widget-heading .elementor-heading-title.elementor-size-medium{font-size:19px}.elementor-widget-heading .elementor-heading-title.elementor-size-large{font-size:29px}.elementor-widget-heading .elementor-heading-title.elementor-size-xl{font-size:39px}.elementor-widget-heading .elementor-heading-title.elementor-size-xxl{font-size:59px}<\/style><h2 class=\"elementor-heading-title elementor-size-default\">ORNELLA DESIREE BELLIA<\/h2>\t\t<\/div>\n\t\t\t\t<\/div>\n\t\t\t\t<div class=\"elementor-element elementor-element-f974eca elementor-widget elementor-widget-text-editor\" data-id=\"f974eca\" data-element_type=\"widget\" data-widget_type=\"text-editor.default\">\n\t\t\t\t<div class=\"elementor-widget-container\">\n\t\t\t<style>\/*! elementor - v3.18.0 - 06-12-2023 *\/\n.elementor-widget-text-editor.elementor-drop-cap-view-stacked .elementor-drop-cap{background-color:#69727d;color:#fff}.elementor-widget-text-editor.elementor-drop-cap-view-framed .elementor-drop-cap{color:#69727d;border:3px solid;background-color:transparent}.elementor-widget-text-editor:not(.elementor-drop-cap-view-default) .elementor-drop-cap{margin-top:8px}.elementor-widget-text-editor:not(.elementor-drop-cap-view-default) .elementor-drop-cap-letter{width:1em;height:1em}.elementor-widget-text-editor .elementor-drop-cap{float:left;text-align:center;line-height:1;font-size:50px}.elementor-widget-text-editor .elementor-drop-cap-letter{display:inline-block}<\/style>\t\t\t\t<p><span style=\"font-weight: 400;\">Es verdaderamente un honor y privilegio poder colaborar, otro a\u00f1o m\u00e1s, en la elaboraci\u00f3n del Informe de Clubes de AFA FIFA 2022, el cual refleja todo el empe\u00f1o que brindan los clubes argentinos para desarrollar y establecer las bases de un f\u00fatbol transparente, competitivo y cualitativo, que este a\u00f1o ha tenido la feliz particularidad de haberse consagrado campe\u00f3n, nada m\u00e1s y nada menos, que del Mundial de la FIFA Qatar 2022.<\/span><\/p><p><span style=\"font-weight: 400;\">\u00a0<\/span><\/p><p><span style=\"font-weight: 400;\">\u00a0<\/span><span style=\"font-weight: 400;\">Desde la FIFA no podemos sentirnos m\u00e1s orgullosos de entregarle la Copa del Mundo a un pa\u00eds y a una federaci\u00f3n que d\u00eda a d\u00eda se esfuerza para competir en el m\u00e1s alto nivel y que ha llevado su camiseta a cada rinc\u00f3n del mundo, generando la simpat\u00eda de miles de aficionados de otras nacionalidades que han alentado por vuestra Selecci\u00f3n. Estas iniciativas son las que impulsamos desde F\u00fatbol Profesional Relaciones y Desarrollo, guiadas por la visi\u00f3n de nuestro Presidente, Gianni Infantino, quien siempre ha enfatizado en desarrollar un f\u00fatbol verdaderamente global e inclusivo, que compita en el m\u00e1s alto nivel.\u00a0<\/span><\/p><p><span style=\"font-weight: 400;\">\u00a0<\/span><\/p><p><span style=\"font-weight: 400;\">\u00a0<\/span><span style=\"font-weight: 400;\">La realizaci\u00f3n de este informe confirma de forma categ\u00f3rica la importancia de reflejar el resultado del trabajo de cada club, el cual le permite a todos los profesionales que trabajan en esta industria, a desarrollar cada d\u00eda las mejores condiciones para crear un f\u00fatbol de calidad, no solamente en la esfera profesional, sino tambi\u00e9n en la de su desarrollo inicial. Nos alegra profundamente que este trabajo que la AFA viene realizando hace ya varios a\u00f1os, tenga como consecuencia el resultado de sumar otra estrella al escudo. Esta Selecci\u00f3n ha demostrado que, con jugadores, que hasta hace no menos de un a\u00f1o jugaban en la liga local, se puede competir al m\u00e1s alto nivel y ser figuras en una Copa del Mundo. Esa es nuestra visi\u00f3n y nuestro objetivo y lo han realizado de forma brillante.\u00a0<\/span><\/p><p><span style=\"font-weight: 400;\">\u00a0<\/span><\/p><p><span style=\"font-weight: 400;\">\u00a0<\/span><span style=\"font-weight: 400;\">Finalmente, quiero agradecer y felicitar al Presidente, Claudio Fabi\u00e1n Tapia y al Tesorero, Pablo Toviggino, y todo el equipo por la elaboraci\u00f3n de este Informe y por la concreci\u00f3n de este maravilloso e inigualable Mundial de f\u00fatbol, que no es m\u00e1s que el reflejo del trabajo realizado todos estos a\u00f1os, basados y sostenidos en la visi\u00f3n de FIFA de crear un f\u00fatbol transparente, competitivo y verdaderamente global que llegue a cada rinc\u00f3n del mundo y que le permita, tanto a los miles de ni\u00f1os con la ilusi\u00f3n de jugar al f\u00fatbol como al mism\u00edsimo Lionel Messi, a so\u00f1ar en grande.<\/span><\/p><p><span style=\"font-weight: 400;\">\u00a0<\/span><\/p><p><span style=\"font-weight: 400;\">\u00a1Muchas gracias!<\/span><\/p><p><!-- \/wp:paragraph --><\/p>\t\t\t\t\t\t<\/div>\n\t\t\t\t<\/div>\n\t\t\t\t<div class=\"elementor-element elementor-element-c9a862c elementor-widget elementor-widget-image\" data-id=\"c9a862c\" data-element_type=\"widget\" data-widget_type=\"image.default\">\n\t\t\t\t<div class=\"elementor-widget-container\">\n\t\t\t<style>\/*! elementor - v3.18.0 - 06-12-2023 *\/\n.elementor-widget-image{text-align:center}.elementor-widget-image a{display:inline-block}.elementor-widget-image a img[src$=\".svg\"]{width:48px}.elementor-widget-image img{vertical-align:middle;display:inline-block}<\/style>\t\t\t\t\t\t\t\t\t\t\t\t<img decoding=\"async\" width=\"300\" height=\"165\" src=\"https:\/\/informeafa.com\/2022\/wp-content\/uploads\/2023\/01\/firma_ornella-300x165.png\" class=\"attachment-medium size-medium wp-image-14249\" alt=\"\" srcset=\"https:\/\/informeafa.com\/2022\/wp-content\/uploads\/2023\/01\/firma_ornella-300x165.png 300w, https:\/\/informeafa.com\/2022\/wp-content\/uploads\/2023\/01\/firma_ornella-1024x564.png 1024w, https:\/\/informeafa.com\/2022\/wp-content\/uploads\/2023\/01\/firma_ornella-768x423.png 768w, https:\/\/informeafa.com\/2022\/wp-content\/uploads\/2023\/01\/firma_ornella-870x480.png 870w, https:\/\/informeafa.com\/2022\/wp-content\/uploads\/2023\/01\/firma_ornella.png 1280w\" sizes=\"(max-width: 300px) 100vw, 300px\" \/>\t\t\t\t\t\t\t\t\t\t\t\t\t\t\t<\/div>\n\t\t\t\t<\/div>\n\t\t\t\t<div class=\"elementor-element elementor-element-93526b4 elementor-widget elementor-widget-jet-team-member\" data-id=\"93526b4\" data-element_type=\"widget\" data-widget_type=\"jet-team-member.default\">\n\t\t\t\t<div class=\"elementor-widget-container\">\n\t\t\t<div class=\"elementor-jet-team-member jet-elements\"><div class=\"jet-team-member\">\n\t<div class=\"jet-team-member__inner\">\n\t\t<div class=\"jet-team-member__image\">\n\t\t\t<div class=\"jet-team-member__cover\"><\/div>\n\t\t\t\t\t<\/div>\n\t\t<div class=\"jet-team-member__content\"><h3 class=\"jet-team-member__name\"><span class=\"jet-team-member__name-first\">Dra. Ornella Desiree <\/span><span class=\"jet-team-member__name-last\"> Bellia<\/span><\/h3><div class=\"jet-team-member__position\"><span>Directora F\u00fatbol Profesional FIFA<\/span><\/div><div class=\"jet-team-member__socials\"><\/div><\/div>\n\t<\/div>\n<\/div>\n<\/div>\t\t<\/div>\n\t\t\t\t<\/div>\n\t\t\t\t\t<\/div>\n\t\t<\/div>\n\t\t\t\t\t\t\t<\/div>\n\t\t<\/section>\n\t\t\t\t\t\t\t<\/div>\n\t\t","protected":false},"excerpt":{"rendered":"<p>ORNELLA DESIREE BELLIA Es verdaderamente un honor y privilegio poder colaborar, otro a\u00f1o m\u00e1s, en la elaboraci\u00f3n del Informe de Clubes de AFA FIFA&#8230;<\/p>\n","protected":false},"author":1,"featured_media":3537,"parent":0,"menu_order":0,"comment_status":"closed","ping_status":"closed","template":"","meta":{"footnotes":""},"folder":[137],"class_list":["post-2645","page","type-page","status-publish","has-post-thumbnail","hentry"],"acf":[],"_links":{"self":[{"href":"https:\/\/informeafa.com\/2022\/wp-json\/wp\/v2\/pages\/2645","targetHints":{"allow":["GET"]}}],"collection":[{"href":"https:\/\/informeafa.com\/2022\/wp-json\/wp\/v2\/pages"}],"about":[{"href":"https:\/\/informeafa.com\/2022\/wp-json\/wp\/v2\/types\/page"}],"author":[{"embeddable":true,"href":"https:\/\/informeafa.com\/2022\/wp-json\/wp\/v2\/users\/1"}],"replies":[{"embeddable":true,"href":"https:\/\/informeafa.com\/2022\/wp-json\/wp\/v2\/comments?post=2645"}],"version-history":[{"count":6,"href":"https:\/\/informeafa.com\/2022\/wp-json\/wp\/v2\/pages\/2645\/revisions"}],"predecessor-version":[{"id":16584,"href":"https:\/\/informeafa.com\/2022\/wp-json\/wp\/v2\/pages\/2645\/revisions\/16584"}],"wp:featuredmedia":[{"embeddable":true,"href":"https:\/\/informeafa.com\/2022\/wp-json\/wp\/v2\/media\/3537"}],"wp:attachment":[{"href":"https:\/\/informeafa.com\/2022\/wp-json\/wp\/v2\/media?parent=2645"}],"wp:term":[{"taxonomy":"folder","embeddable":true,"href":"https:\/\/informeafa.com\/2022\/wp-json\/wp\/v2\/folder?post=2645"}],"curies":[{"name":"wp","href":"https:\/\/api.w.org\/{rel}","templated":true}]}}