{"id":2447,"date":"2022-09-09T11:48:15","date_gmt":"2022-09-09T14:48:15","guid":{"rendered":"https:\/\/www.acreditafa.com\/informeclubes\/repo\/?page_id=2447"},"modified":"2023-01-25T12:32:23","modified_gmt":"2023-01-25T15:32:23","slug":"palabras-tapia","status":"publish","type":"page","link":"https:\/\/informeafa.com\/2022\/palabras-tapia\/","title":{"rendered":"Palabras del presidente de la AFA"},"content":{"rendered":"\t\t<div data-elementor-type=\"wp-page\" data-elementor-id=\"2447\" class=\"elementor elementor-2447\" data-elementor-post-type=\"page\">\n\t\t\t\t\t\t\t\t\t<section class=\"elementor-section elementor-top-section elementor-element elementor-element-2098548 elementor-section-boxed elementor-section-height-default elementor-section-height-default\" data-id=\"2098548\" data-element_type=\"section\" data-settings=\"{&quot;jet_parallax_layout_list&quot;:[],&quot;background_background&quot;:&quot;gradient&quot;}\">\n\t\t\t\t\t\t<div class=\"elementor-container elementor-column-gap-default\">\n\t\t\t\t\t<div class=\"elementor-column elementor-col-100 elementor-top-column elementor-element elementor-element-c9aa9fb\" data-id=\"c9aa9fb\" data-element_type=\"column\">\n\t\t\t<div class=\"elementor-widget-wrap elementor-element-populated\">\n\t\t\t\t\t\t\t\t<div class=\"elementor-element elementor-element-d11d3fd elementor-widget elementor-widget-heading\" data-id=\"d11d3fd\" data-element_type=\"widget\" data-widget_type=\"heading.default\">\n\t\t\t\t<div class=\"elementor-widget-container\">\n\t\t\t<style>\/*! elementor - v3.18.0 - 06-12-2023 *\/\n.elementor-heading-title{padding:0;margin:0;line-height:1}.elementor-widget-heading .elementor-heading-title[class*=elementor-size-]>a{color:inherit;font-size:inherit;line-height:inherit}.elementor-widget-heading .elementor-heading-title.elementor-size-small{font-size:15px}.elementor-widget-heading .elementor-heading-title.elementor-size-medium{font-size:19px}.elementor-widget-heading .elementor-heading-title.elementor-size-large{font-size:29px}.elementor-widget-heading .elementor-heading-title.elementor-size-xl{font-size:39px}.elementor-widget-heading .elementor-heading-title.elementor-size-xxl{font-size:59px}<\/style><h2 class=\"elementor-heading-title elementor-size-default\">CLAUDIO FABI\u00c1N TAPIA<\/h2>\t\t<\/div>\n\t\t\t\t<\/div>\n\t\t\t\t<div class=\"elementor-element elementor-element-bb8bc80 elementor-widget elementor-widget-text-editor\" data-id=\"bb8bc80\" data-element_type=\"widget\" data-widget_type=\"text-editor.default\">\n\t\t\t\t<div class=\"elementor-widget-container\">\n\t\t\t<style>\/*! elementor - v3.18.0 - 06-12-2023 *\/\n.elementor-widget-text-editor.elementor-drop-cap-view-stacked .elementor-drop-cap{background-color:#69727d;color:#fff}.elementor-widget-text-editor.elementor-drop-cap-view-framed .elementor-drop-cap{color:#69727d;border:3px solid;background-color:transparent}.elementor-widget-text-editor:not(.elementor-drop-cap-view-default) .elementor-drop-cap{margin-top:8px}.elementor-widget-text-editor:not(.elementor-drop-cap-view-default) .elementor-drop-cap-letter{width:1em;height:1em}.elementor-widget-text-editor .elementor-drop-cap{float:left;text-align:center;line-height:1;font-size:50px}.elementor-widget-text-editor .elementor-drop-cap-letter{display:inline-block}<\/style>\t\t\t\t<p>Tengo la dicha y el agrado de poder presentar ante ustedes la <b>cuarta edici\u00f3n del Informe de Clubes de AFA con la colaboraci\u00f3n de FIFA<\/b>, el cual viene realiz\u00e1ndose para detallarnos e informarnos sobre la actualidad de nuestros clubes de Primera Divisi\u00f3n.<\/p><p><br><\/p>\n<p><\/p>\n<p>La pandemia dej\u00f3 instalado socialmente un gusto amargo, pero el f\u00fatbol siempre da revancha y por sobre todas las cosas, nos devuelve la alegr\u00eda de poder festejar e inflar el pecho sinti\u00e9ndonos orgullosamente argentinos y argentinas.<\/p><p><br><\/p>\n<p><\/p>\n<p>Despu\u00e9s de los \u00faltimos y grandes triunfos obtenidos, la Copa Am\u00e9rica primero, la Final\u00edssima segundo y la Copa del Mundo hace apenas unas semanas, quiero dar todo mi agradecimiento a quienes confiaron en nuestra conducci\u00f3n, a aquellos que nos dieron la posibilidad de sanear financieramente a la Casa, poniendo nuevamente de pie al f\u00fatbol argentino.<\/p><p><br><\/p>\n<p><\/p>\n<p>Durante estos tiempos dif\u00edciles hemos puesto un gran esfuerzo y empe\u00f1o en seguir protegiendo nuestro f\u00fatbol, con la premisa de estar siempre en constante evoluci\u00f3n, pensando y poniendo en pr\u00e1ctica estrategias que ayuden y acompa\u00f1en al crecimiento de todos los Clubes. Ellos son quienes forman a nuestros y nuestras futbolistas, los que nos representan con gran orgullo cada vez que visten la camiseta de nuestra amada selecci\u00f3n.<\/p><p><br><\/p>\n<p><\/p>\n<p>En el Informe anterior, hemos incorporado por primera vez a la Primera Divisi\u00f3n de F\u00fatbol Femenino. Luego de su profesionalizaci\u00f3n y&nbsp; en la b\u00fasqueda hacia la equidad en la que todav\u00eda estamos trabajando, podemos decir que hemos avanzado y que este a\u00f1o contamos con informaci\u00f3n m\u00e1s s\u00f3lida sobre estas Instituciones, lo que nos permitir\u00e1, poco a poco, tener un espacio de igual a igual con el F\u00fatbol Masculino, no s\u00f3lo en este Informe, sino en todas las aristas posibles.<\/p><p><br><\/p>\n<p><\/p>\n<p>La informaci\u00f3n ha sido brindada y chequeada por cada uno de nuestros Clubes. Podr\u00e1n navegar por el portal y encontrar informaci\u00f3n de cada uno de ellos, como as\u00ed tambi\u00e9n informes globales sobre la Postpandemia, Gobernanza y Administraci\u00f3n, Espectadores, Patrocinadores, Jugadoras y Jugadores, Selecciones y Transferencias. Asimismo, tendr\u00e1n acceso a los informes de los a\u00f1os 2019, 2020 y 2021.<\/p><p><br><\/p>\n<p><\/p>\n<p>Mis agradecimientos a todos los Clubes por la gran contenci\u00f3n social que brindan y siguen brindando a sus comunidades, a sus dirigentes, empleados y empleadas, que contin\u00faan participando y colaborando.&nbsp;<\/p><p><br><\/p>\n<p><\/p>\n<p><b>\u00a1Nuestros Clubes son muy grandes!<\/b> En definitiva, tanto este trabajo como todo lo que venimos haciendo es por y para ustedes, que son el motor y el impulso para seguir trabajando.<\/p>\n<p><!-- \/wp:paragraph --><\/p>\t\t\t\t\t\t<\/div>\n\t\t\t\t<\/div>\n\t\t\t\t<div class=\"elementor-element elementor-element-337d29d elementor-widget elementor-widget-image\" data-id=\"337d29d\" data-element_type=\"widget\" data-widget_type=\"image.default\">\n\t\t\t\t<div class=\"elementor-widget-container\">\n\t\t\t<style>\/*! elementor - v3.18.0 - 06-12-2023 *\/\n.elementor-widget-image{text-align:center}.elementor-widget-image a{display:inline-block}.elementor-widget-image a img[src$=\".svg\"]{width:48px}.elementor-widget-image img{vertical-align:middle;display:inline-block}<\/style>\t\t\t\t\t\t\t\t\t\t\t\t<img decoding=\"async\" width=\"163\" height=\"198\" src=\"https:\/\/informeafa.com\/2022\/wp-content\/uploads\/2022\/09\/FIRMA.TAPIA_.WHITE-MORE-1.png\" class=\"attachment-large size-large wp-image-2417\" alt=\"\" \/>\t\t\t\t\t\t\t\t\t\t\t\t\t\t\t<\/div>\n\t\t\t\t<\/div>\n\t\t\t\t<div class=\"elementor-element elementor-element-6c882b2 elementor-widget elementor-widget-jet-team-member\" data-id=\"6c882b2\" data-element_type=\"widget\" data-widget_type=\"jet-team-member.default\">\n\t\t\t\t<div class=\"elementor-widget-container\">\n\t\t\t<div class=\"elementor-jet-team-member jet-elements\"><div class=\"jet-team-member\">\n\t<div class=\"jet-team-member__inner\">\n\t\t<div class=\"jet-team-member__image\">\n\t\t\t<div class=\"jet-team-member__cover\"><\/div>\n\t\t\t\t\t<\/div>\n\t\t<div class=\"jet-team-member__content\"><h3 class=\"jet-team-member__name\"><span class=\"jet-team-member__name-first\">Sr. Claudio Fabi\u00e1n<\/span><span class=\"jet-team-member__name-last\"> Tapia<\/span><\/h3><div class=\"jet-team-member__position\"><span>Presidente de AFA<\/span><\/div><div class=\"jet-team-member__socials\"><\/div><\/div>\n\t<\/div>\n<\/div>\n<\/div>\t\t<\/div>\n\t\t\t\t<\/div>\n\t\t\t\t\t<\/div>\n\t\t<\/div>\n\t\t\t\t\t\t\t<\/div>\n\t\t<\/section>\n\t\t\t\t\t\t\t<\/div>\n\t\t","protected":false},"excerpt":{"rendered":"<p>CLAUDIO FABI\u00c1N TAPIA Tengo la dicha y el agrado de poder presentar ante ustedes la cuarta edici\u00f3n del Informe de Clubes de AFA con&#8230;<\/p>\n","protected":false},"author":1,"featured_media":11925,"parent":0,"menu_order":0,"comment_status":"closed","ping_status":"closed","template":"elementor_theme","meta":{"footnotes":""},"folder":[137],"class_list":["post-2447","page","type-page","status-publish","has-post-thumbnail","hentry"],"acf":[],"_links":{"self":[{"href":"https:\/\/informeafa.com\/2022\/wp-json\/wp\/v2\/pages\/2447","targetHints":{"allow":["GET"]}}],"collection":[{"href":"https:\/\/informeafa.com\/2022\/wp-json\/wp\/v2\/pages"}],"about":[{"href":"https:\/\/informeafa.com\/2022\/wp-json\/wp\/v2\/types\/page"}],"author":[{"embeddable":true,"href":"https:\/\/informeafa.com\/2022\/wp-json\/wp\/v2\/users\/1"}],"replies":[{"embeddable":true,"href":"https:\/\/informeafa.com\/2022\/wp-json\/wp\/v2\/comments?post=2447"}],"version-history":[{"count":12,"href":"https:\/\/informeafa.com\/2022\/wp-json\/wp\/v2\/pages\/2447\/revisions"}],"predecessor-version":[{"id":16590,"href":"https:\/\/informeafa.com\/2022\/wp-json\/wp\/v2\/pages\/2447\/revisions\/16590"}],"wp:featuredmedia":[{"embeddable":true,"href":"https:\/\/informeafa.com\/2022\/wp-json\/wp\/v2\/media\/11925"}],"wp:attachment":[{"href":"https:\/\/informeafa.com\/2022\/wp-json\/wp\/v2\/media?parent=2447"}],"wp:term":[{"taxonomy":"folder","embeddable":true,"href":"https:\/\/informeafa.com\/2022\/wp-json\/wp\/v2\/folder?post=2447"}],"curies":[{"name":"wp","href":"https:\/\/api.w.org\/{rel}","templated":true}]}}