{"id":11603,"date":"2023-01-02T14:00:58","date_gmt":"2023-01-02T17:00:58","guid":{"rendered":"https:\/\/informeafa.com.ar\/?page_id=11603"},"modified":"2024-01-08T01:52:15","modified_gmt":"2024-01-08T04:52:15","slug":"indice","status":"publish","type":"page","link":"https:\/\/informeafa.com\/2022\/indice\/","title":{"rendered":"\u00cdNDICE"},"content":{"rendered":"\t\t<div data-elementor-type=\"wp-page\" data-elementor-id=\"11603\" class=\"elementor elementor-11603\" data-elementor-post-type=\"page\">\n\t\t\t\t\t\t\t<div class=\"elementor-element elementor-element-da3e098 e-con-full e-flex elementor-invisible e-con e-parent\" data-id=\"da3e098\" data-element_type=\"container\" data-settings=\"{&quot;background_background&quot;:&quot;classic&quot;,&quot;animation&quot;:&quot;fadeIn&quot;,&quot;animation_delay&quot;:10,&quot;content_width&quot;:&quot;full&quot;,&quot;jet_parallax_layout_list&quot;:[]}\" data-core-v316-plus=\"true\">\n\t\t\t\t<div class=\"elementor-element elementor-element-2ea075b elementor-widget elementor-widget-jet-image-accordion\" data-id=\"2ea075b\" data-element_type=\"widget\" data-widget_type=\"jet-image-accordion.default\">\n\t\t\t\t<div class=\"elementor-widget-container\">\n\t\t\t<div class=\"elementor-jet-image-accordion jet-tabs-addons\"><div class=\"jet-image-accordion jet-image-accordion-vertical-orientation jet-image-accordion-circ-ease\" role=\"tablist\" data-settings=\"{&quot;orientation&quot;:&quot;vertical&quot;,&quot;activeSize&quot;:{&quot;unit&quot;:&quot;%&quot;,&quot;size&quot;:75,&quot;sizes&quot;:[]},&quot;duration&quot;:500,&quot;activeItem&quot;:0}\">\n\t<div class=\"jet-image-accordion__list\">\n<div class=\"jet-image-accordion__item\" role=\"tab\" aria-selected=\"false\" tabindex=\"0\">\n<img decoding=\"async\" class=\"jet-image-accordion__image-instance\" src=\"https:\/\/informeafa.com\/2022\/wp-content\/uploads\/2022\/12\/TapiaCopa01.jpeg\" alt=\"TapiaCopa01\">\t<div class=\"jet-image-accordion__content\"><h5 class=\"jet-image-accordion__title\">PALABRAS DE CLAUDIO FABI\u00c1N TAPIA<\/h5><div class=\"jet-image-accordion__desc\">PRESIDENTE DE LA ASOCIACI\u00d3N DEL F\u00daTBOL ARGENTINO<\/div><a class=\"elementor-button elementor-size-md jet-image-accordion__button\" role=\"button\" tabindex=\"0\" href=\"https:\/\/informeafa.com\/2022\/palabras-tapia\/\">VER<\/a><\/div>\n\t<div class=\"jet-image-accordion__item-loader\"><span><\/span><\/div>\n<\/div>\n<div class=\"jet-image-accordion__item\" role=\"tab\" aria-selected=\"false\" tabindex=\"0\">\n<img decoding=\"async\" class=\"jet-image-accordion__image-instance\" src=\"https:\/\/informeafa.com\/2022\/wp-content\/uploads\/2022\/09\/Ornella-DesireeBellia.png\" alt=\"Ornella-DesireeBellia\">\t<div class=\"jet-image-accordion__content\"><h5 class=\"jet-image-accordion__title\">PALABRAS DE ORNELLA DESIREE BELLIA<\/h5><div class=\"jet-image-accordion__desc\">DIRECTORA DE F\u00daTBOL PROFESIONAL DE LA FIFA<\/div><a class=\"elementor-button elementor-size-md jet-image-accordion__button\" role=\"button\" tabindex=\"0\" href=\"https:\/\/informeafa.com\/2022\/palabras-ornella\/\">VER<\/a><\/div>\n\t<div class=\"jet-image-accordion__item-loader\"><span><\/span><\/div>\n<\/div>\n<\/div>\n<\/div>\n<\/div>\t\t<\/div>\n\t\t\t\t<\/div>\n\t\t\t\t<\/div>\n\t\t\t\t<section class=\"elementor-section elementor-top-section elementor-element elementor-element-5c71aaef elementor-section-full_width elementor-section-height-default elementor-section-height-default elementor-invisible\" data-id=\"5c71aaef\" data-element_type=\"section\" data-settings=\"{&quot;jet_parallax_layout_list&quot;:[],&quot;background_background&quot;:&quot;classic&quot;,&quot;animation&quot;:&quot;fadeIn&quot;,&quot;animation_delay&quot;:4}\">\n\t\t\t\t\t\t<div class=\"elementor-container elementor-column-gap-default\">\n\t\t\t\t\t<div class=\"elementor-column elementor-col-25 elementor-top-column elementor-element elementor-element-4b00d6ef\" data-id=\"4b00d6ef\" data-element_type=\"column\">\n\t\t\t<div class=\"elementor-widget-wrap elementor-element-populated\">\n\t\t\t\t\t\t\t\t<div class=\"elementor-element elementor-element-292974a1 elementor-widget elementor-widget-jet-team-member\" data-id=\"292974a1\" data-element_type=\"widget\" data-widget_type=\"jet-team-member.default\">\n\t\t\t\t<div class=\"elementor-widget-container\">\n\t\t\t<div class=\"elementor-jet-team-member jet-elements\"><div class=\"jet-team-member\">\n\t<div class=\"jet-team-member__inner\">\n\t\t<div class=\"jet-team-member__image\">\n\t\t\t<div class=\"jet-team-member__cover\"><h3 class=\"jet-team-member__name\"><span class=\"jet-team-member__name-first\">POST<br><\/span><span class=\"jet-team-member__name-last\"> PANDEMIA<\/span><\/h3><div class=\"jet-team-member__position\"><span>INFORME 2022<\/span><\/div><div class=\"jet-team-member__socials\"><div class=\"jet-team-member__socials-item\"><a href=\"#\" aria-label=\"Facebook\"><\/a><\/div><\/div><div class=\"jet-team-member__button-container\"><a class=\"elementor-button elementor-size-md jet-team-member__button\" href=\"https:\/\/informeafa.com\/2022\/post-pandemia\/\">VER M\u00c1S<\/a><\/div><\/div>\n\t\t\t<figure class=\"jet-team-member__figure\"><img fetchpriority=\"high\" decoding=\"async\" width=\"1196\" height=\"660\" src=\"https:\/\/informeafa.com\/2022\/wp-content\/uploads\/2022\/12\/postpandemia2.jpeg\" class=\"jet-team-member__img-tag\" alt=\"PostPandemia\" srcset=\"https:\/\/informeafa.com\/2022\/wp-content\/uploads\/2022\/12\/postpandemia2.jpeg 1196w, https:\/\/informeafa.com\/2022\/wp-content\/uploads\/2022\/12\/postpandemia2-300x166.jpeg 300w, https:\/\/informeafa.com\/2022\/wp-content\/uploads\/2022\/12\/postpandemia2-1024x565.jpeg 1024w, https:\/\/informeafa.com\/2022\/wp-content\/uploads\/2022\/12\/postpandemia2-768x424.jpeg 768w, https:\/\/informeafa.com\/2022\/wp-content\/uploads\/2022\/12\/postpandemia2-870x480.jpeg 870w\" sizes=\"(max-width: 1196px) 100vw, 1196px\" \/><\/figure>\t\t<\/div>\n\t\t<div class=\"jet-team-member__content\"><\/div>\n\t<\/div>\n<\/div>\n<\/div>\t\t<\/div>\n\t\t\t\t<\/div>\n\t\t\t\t\t<\/div>\n\t\t<\/div>\n\t\t\t\t<div class=\"elementor-column elementor-col-25 elementor-top-column elementor-element elementor-element-24659276\" data-id=\"24659276\" data-element_type=\"column\">\n\t\t\t<div class=\"elementor-widget-wrap elementor-element-populated\">\n\t\t\t\t\t\t\t\t<div class=\"elementor-element elementor-element-193d2b11 elementor-widget elementor-widget-jet-team-member\" data-id=\"193d2b11\" data-element_type=\"widget\" data-widget_type=\"jet-team-member.default\">\n\t\t\t\t<div class=\"elementor-widget-container\">\n\t\t\t<div class=\"elementor-jet-team-member jet-elements\"><div class=\"jet-team-member\">\n\t<div class=\"jet-team-member__inner\">\n\t\t<div class=\"jet-team-member__image\">\n\t\t\t<div class=\"jet-team-member__cover\"><h3 class=\"jet-team-member__name\"><span class=\"jet-team-member__name-first\">CLUBES<br><\/span><\/h3><div class=\"jet-team-member__position\"><span>INFORME 2022<\/span><\/div><div class=\"jet-team-member__socials\"><div class=\"jet-team-member__socials-item\"><a href=\"#\" aria-label=\"Facebook\"><\/a><\/div><\/div><div class=\"jet-team-member__button-container\"><a class=\"elementor-button elementor-size-md jet-team-member__button\" href=\"https:\/\/informeafa.com\/2022\/clubes\/\">VER M\u00c1S<\/a><\/div><\/div>\n\t\t\t<figure class=\"jet-team-member__figure\"><img decoding=\"async\" width=\"319\" height=\"338\" src=\"https:\/\/informeafa.com\/2022\/wp-content\/uploads\/2022\/12\/clubes.jpeg\" class=\"jet-team-member__img-tag\" alt=\"clubes\" srcset=\"https:\/\/informeafa.com\/2022\/wp-content\/uploads\/2022\/12\/clubes.jpeg 319w, https:\/\/informeafa.com\/2022\/wp-content\/uploads\/2022\/12\/clubes-283x300.jpeg 283w\" sizes=\"(max-width: 319px) 100vw, 319px\" \/><\/figure>\t\t<\/div>\n\t\t<div class=\"jet-team-member__content\"><\/div>\n\t<\/div>\n<\/div>\n<\/div>\t\t<\/div>\n\t\t\t\t<\/div>\n\t\t\t\t\t<\/div>\n\t\t<\/div>\n\t\t\t\t<div class=\"elementor-column elementor-col-25 elementor-top-column elementor-element elementor-element-365bd97a\" data-id=\"365bd97a\" data-element_type=\"column\">\n\t\t\t<div class=\"elementor-widget-wrap elementor-element-populated\">\n\t\t\t\t\t\t\t\t<div class=\"elementor-element elementor-element-73fec1c4 elementor-widget elementor-widget-jet-team-member\" data-id=\"73fec1c4\" data-element_type=\"widget\" data-widget_type=\"jet-team-member.default\">\n\t\t\t\t<div class=\"elementor-widget-container\">\n\t\t\t<div class=\"elementor-jet-team-member jet-elements\"><div class=\"jet-team-member\">\n\t<div class=\"jet-team-member__inner\">\n\t\t<div class=\"jet-team-member__image\">\n\t\t\t<div class=\"jet-team-member__cover\"><h3 class=\"jet-team-member__name\"><span class=\"jet-team-member__name-first\">GOBERNANZA<br><\/span><span class=\"jet-team-member__name-last\"> Y ADMINISTRACI\u00d3N<\/span><\/h3><div class=\"jet-team-member__position\"><span>INFORME 2022<\/span><\/div><div class=\"jet-team-member__socials\"><div class=\"jet-team-member__socials-item\"><a href=\"#\" aria-label=\"Facebook\"><\/a><\/div><\/div><div class=\"jet-team-member__button-container\"><a class=\"elementor-button elementor-size-md jet-team-member__button\" href=\"https:\/\/informeafa.com\/2022\/gobernanza-y-administracion\/\">VER M\u00c1S<\/a><\/div><\/div>\n\t\t\t<figure class=\"jet-team-member__figure\"><img decoding=\"async\" width=\"769\" height=\"769\" src=\"https:\/\/informeafa.com\/2022\/wp-content\/uploads\/2022\/12\/gobernanza.jpeg\" class=\"jet-team-member__img-tag\" alt=\"gobernanza\" srcset=\"https:\/\/informeafa.com\/2022\/wp-content\/uploads\/2022\/12\/gobernanza.jpeg 769w, https:\/\/informeafa.com\/2022\/wp-content\/uploads\/2022\/12\/gobernanza-300x300.jpeg 300w, https:\/\/informeafa.com\/2022\/wp-content\/uploads\/2022\/12\/gobernanza-150x150.jpeg 150w, https:\/\/informeafa.com\/2022\/wp-content\/uploads\/2022\/12\/gobernanza-50x50.jpeg 50w, https:\/\/informeafa.com\/2022\/wp-content\/uploads\/2022\/12\/gobernanza-64x64.jpeg 64w\" sizes=\"(max-width: 769px) 100vw, 769px\" \/><\/figure>\t\t<\/div>\n\t\t<div class=\"jet-team-member__content\"><\/div>\n\t<\/div>\n<\/div>\n<\/div>\t\t<\/div>\n\t\t\t\t<\/div>\n\t\t\t\t\t<\/div>\n\t\t<\/div>\n\t\t\t\t<div class=\"elementor-column elementor-col-25 elementor-top-column elementor-element elementor-element-56a1f562\" data-id=\"56a1f562\" data-element_type=\"column\">\n\t\t\t<div class=\"elementor-widget-wrap elementor-element-populated\">\n\t\t\t\t\t\t\t\t<div class=\"elementor-element elementor-element-ba15eb6 elementor-widget elementor-widget-jet-team-member\" data-id=\"ba15eb6\" data-element_type=\"widget\" data-widget_type=\"jet-team-member.default\">\n\t\t\t\t<div class=\"elementor-widget-container\">\n\t\t\t<div class=\"elementor-jet-team-member jet-elements\"><div class=\"jet-team-member\">\n\t<div class=\"jet-team-member__inner\">\n\t\t<div class=\"jet-team-member__image\">\n\t\t\t<div class=\"jet-team-member__cover\"><h3 class=\"jet-team-member__name\"><span class=\"jet-team-member__name-first\">ESPECTADORES\/RRSS<br><\/span><\/h3><div class=\"jet-team-member__position\"><span>INFORME 2022<\/span><\/div><div class=\"jet-team-member__socials\"><div class=\"jet-team-member__socials-item\"><a href=\"#\" aria-label=\"Facebook\"><\/a><\/div><\/div><div class=\"jet-team-member__button-container\"><a class=\"elementor-button elementor-size-md jet-team-member__button\" href=\"https:\/\/informeafa.com\/2022\/espectadores\/\">VER M\u00c1S<\/a><\/div><\/div>\n\t\t\t<figure class=\"jet-team-member__figure\"><img loading=\"lazy\" decoding=\"async\" width=\"1920\" height=\"1080\" src=\"https:\/\/informeafa.com\/2022\/wp-content\/uploads\/2022\/12\/01arg.png\" class=\"jet-team-member__img-tag\" alt=\"01arg\" srcset=\"https:\/\/informeafa.com\/2022\/wp-content\/uploads\/2022\/12\/01arg.png 1920w, https:\/\/informeafa.com\/2022\/wp-content\/uploads\/2022\/12\/01arg-300x169.png 300w, https:\/\/informeafa.com\/2022\/wp-content\/uploads\/2022\/12\/01arg-1024x576.png 1024w, https:\/\/informeafa.com\/2022\/wp-content\/uploads\/2022\/12\/01arg-768x432.png 768w, https:\/\/informeafa.com\/2022\/wp-content\/uploads\/2022\/12\/01arg-1536x864.png 1536w\" sizes=\"(max-width: 1920px) 100vw, 1920px\" \/><\/figure>\t\t<\/div>\n\t\t<div class=\"jet-team-member__content\"><\/div>\n\t<\/div>\n<\/div>\n<\/div>\t\t<\/div>\n\t\t\t\t<\/div>\n\t\t\t\t\t<\/div>\n\t\t<\/div>\n\t\t\t\t\t\t\t<\/div>\n\t\t<\/section>\n\t\t\t\t<section class=\"elementor-section elementor-top-section elementor-element elementor-element-ae921bc elementor-section-full_width elementor-section-height-default elementor-section-height-default elementor-invisible\" data-id=\"ae921bc\" data-element_type=\"section\" data-settings=\"{&quot;jet_parallax_layout_list&quot;:[],&quot;background_background&quot;:&quot;classic&quot;,&quot;animation&quot;:&quot;fadeIn&quot;,&quot;animation_delay&quot;:4}\">\n\t\t\t\t\t\t<div class=\"elementor-container elementor-column-gap-default\">\n\t\t\t\t\t<div class=\"elementor-column elementor-col-25 elementor-top-column elementor-element elementor-element-4ceb7a3\" data-id=\"4ceb7a3\" data-element_type=\"column\">\n\t\t\t<div class=\"elementor-widget-wrap elementor-element-populated\">\n\t\t\t\t\t\t\t\t<div class=\"elementor-element elementor-element-bb0dd4b elementor-widget elementor-widget-jet-team-member\" data-id=\"bb0dd4b\" data-element_type=\"widget\" data-widget_type=\"jet-team-member.default\">\n\t\t\t\t<div class=\"elementor-widget-container\">\n\t\t\t<div class=\"elementor-jet-team-member jet-elements\"><div class=\"jet-team-member\">\n\t<div class=\"jet-team-member__inner\">\n\t\t<div class=\"jet-team-member__image\">\n\t\t\t<div class=\"jet-team-member__cover\"><h3 class=\"jet-team-member__name\"><span class=\"jet-team-member__name-first\">SPONSORS<br><\/span><\/h3><div class=\"jet-team-member__position\"><span>INFORME 2022<\/span><\/div><div class=\"jet-team-member__socials\"><div class=\"jet-team-member__socials-item\"><a href=\"#\" aria-label=\"Facebook\"><\/a><\/div><\/div><div class=\"jet-team-member__button-container\"><a class=\"elementor-button elementor-size-md jet-team-member__button\" href=\"https:\/\/informeafa.com\/2022\/sponsors\/\">VER M\u00c1S<\/a><\/div><\/div>\n\t\t\t<figure class=\"jet-team-member__figure\"><img loading=\"lazy\" decoding=\"async\" width=\"1613\" height=\"1075\" src=\"https:\/\/informeafa.com\/2022\/wp-content\/uploads\/2022\/12\/sponsors.jpeg\" class=\"jet-team-member__img-tag\" alt=\"Thessaloniki, Greece - August 28, 2018: Close up on the microphone at the press conference before UEFA Champions League game PAOK vs FC Benfica played at Toumba Stadium. Shallow dof\" srcset=\"https:\/\/informeafa.com\/2022\/wp-content\/uploads\/2022\/12\/sponsors.jpeg 1613w, https:\/\/informeafa.com\/2022\/wp-content\/uploads\/2022\/12\/sponsors-300x200.jpeg 300w, https:\/\/informeafa.com\/2022\/wp-content\/uploads\/2022\/12\/sponsors-1024x682.jpeg 1024w, https:\/\/informeafa.com\/2022\/wp-content\/uploads\/2022\/12\/sponsors-768x512.jpeg 768w, https:\/\/informeafa.com\/2022\/wp-content\/uploads\/2022\/12\/sponsors-1536x1024.jpeg 1536w, https:\/\/informeafa.com\/2022\/wp-content\/uploads\/2022\/12\/sponsors-400x268.jpeg 400w\" sizes=\"(max-width: 1613px) 100vw, 1613px\" \/><\/figure>\t\t<\/div>\n\t\t<div class=\"jet-team-member__content\"><\/div>\n\t<\/div>\n<\/div>\n<\/div>\t\t<\/div>\n\t\t\t\t<\/div>\n\t\t\t\t\t<\/div>\n\t\t<\/div>\n\t\t\t\t<div class=\"elementor-column elementor-col-25 elementor-top-column elementor-element elementor-element-7577b70\" data-id=\"7577b70\" data-element_type=\"column\">\n\t\t\t<div class=\"elementor-widget-wrap elementor-element-populated\">\n\t\t\t\t\t\t\t\t<div class=\"elementor-element elementor-element-1f77f1a elementor-widget elementor-widget-jet-team-member\" data-id=\"1f77f1a\" data-element_type=\"widget\" data-widget_type=\"jet-team-member.default\">\n\t\t\t\t<div class=\"elementor-widget-container\">\n\t\t\t<div class=\"elementor-jet-team-member jet-elements\"><div class=\"jet-team-member\">\n\t<div class=\"jet-team-member__inner\">\n\t\t<div class=\"jet-team-member__image\">\n\t\t\t<div class=\"jet-team-member__cover\"><h3 class=\"jet-team-member__name\"><span class=\"jet-team-member__name-first\">JUGADORES<br><\/span><span class=\"jet-team-member__name-last\"> Y JUGADORAS<\/span><\/h3><div class=\"jet-team-member__position\"><span>INFORME 2022<\/span><\/div><div class=\"jet-team-member__socials\"><div class=\"jet-team-member__socials-item\"><a href=\"#\" aria-label=\"Facebook\"><\/a><\/div><\/div><div class=\"jet-team-member__button-container\"><a class=\"elementor-button elementor-size-md jet-team-member__button\" href=\"https:\/\/informeafa.com\/2022\/jugadores-y-jugadoras\/\">VER M\u00c1S<\/a><\/div><\/div>\n\t\t\t<figure class=\"jet-team-member__figure\"><img loading=\"lazy\" decoding=\"async\" width=\"769\" height=\"769\" src=\"https:\/\/informeafa.com\/2022\/wp-content\/uploads\/2022\/12\/jugadoras.jpeg\" class=\"jet-team-member__img-tag\" alt=\"jugadoras\" srcset=\"https:\/\/informeafa.com\/2022\/wp-content\/uploads\/2022\/12\/jugadoras.jpeg 769w, https:\/\/informeafa.com\/2022\/wp-content\/uploads\/2022\/12\/jugadoras-300x300.jpeg 300w, https:\/\/informeafa.com\/2022\/wp-content\/uploads\/2022\/12\/jugadoras-150x150.jpeg 150w, https:\/\/informeafa.com\/2022\/wp-content\/uploads\/2022\/12\/jugadoras-50x50.jpeg 50w, https:\/\/informeafa.com\/2022\/wp-content\/uploads\/2022\/12\/jugadoras-64x64.jpeg 64w\" sizes=\"(max-width: 769px) 100vw, 769px\" \/><\/figure>\t\t<\/div>\n\t\t<div class=\"jet-team-member__content\"><\/div>\n\t<\/div>\n<\/div>\n<\/div>\t\t<\/div>\n\t\t\t\t<\/div>\n\t\t\t\t\t<\/div>\n\t\t<\/div>\n\t\t\t\t<div class=\"elementor-column elementor-col-25 elementor-top-column elementor-element elementor-element-0c8132c\" data-id=\"0c8132c\" data-element_type=\"column\">\n\t\t\t<div class=\"elementor-widget-wrap elementor-element-populated\">\n\t\t\t\t\t\t\t\t<div class=\"elementor-element elementor-element-b32d7d4 elementor-widget elementor-widget-jet-team-member\" data-id=\"b32d7d4\" data-element_type=\"widget\" data-widget_type=\"jet-team-member.default\">\n\t\t\t\t<div class=\"elementor-widget-container\">\n\t\t\t<div class=\"elementor-jet-team-member jet-elements\"><div class=\"jet-team-member\">\n\t<div class=\"jet-team-member__inner\">\n\t\t<div class=\"jet-team-member__image\">\n\t\t\t<div class=\"jet-team-member__cover\"><h3 class=\"jet-team-member__name\"><span class=\"jet-team-member__name-first\">SELECCIONES<br><\/span><\/h3><div class=\"jet-team-member__position\"><span>INFORME 2022<\/span><\/div><div class=\"jet-team-member__socials\"><div class=\"jet-team-member__socials-item\"><a href=\"#\" aria-label=\"Facebook\"><\/a><\/div><\/div><div class=\"jet-team-member__button-container\"><a class=\"elementor-button elementor-size-md jet-team-member__button\" href=\"https:\/\/informeafa.com\/2022\/selecciones\/\">VER M\u00c1S<\/a><\/div><\/div>\n\t\t\t<figure class=\"jet-team-member__figure\"><img loading=\"lazy\" decoding=\"async\" width=\"319\" height=\"338\" src=\"https:\/\/informeafa.com\/2022\/wp-content\/uploads\/2022\/12\/selecciones.jpg\" class=\"jet-team-member__img-tag\" alt=\"selecciones\" srcset=\"https:\/\/informeafa.com\/2022\/wp-content\/uploads\/2022\/12\/selecciones.jpg 319w, https:\/\/informeafa.com\/2022\/wp-content\/uploads\/2022\/12\/selecciones-283x300.jpg 283w\" sizes=\"(max-width: 319px) 100vw, 319px\" \/><\/figure>\t\t<\/div>\n\t\t<div class=\"jet-team-member__content\"><\/div>\n\t<\/div>\n<\/div>\n<\/div>\t\t<\/div>\n\t\t\t\t<\/div>\n\t\t\t\t\t<\/div>\n\t\t<\/div>\n\t\t\t\t<div class=\"elementor-column elementor-col-25 elementor-top-column elementor-element elementor-element-c3c754f\" data-id=\"c3c754f\" data-element_type=\"column\">\n\t\t\t<div class=\"elementor-widget-wrap elementor-element-populated\">\n\t\t\t\t\t\t\t\t<div class=\"elementor-element elementor-element-fe17371 elementor-widget elementor-widget-jet-team-member\" data-id=\"fe17371\" data-element_type=\"widget\" data-widget_type=\"jet-team-member.default\">\n\t\t\t\t<div class=\"elementor-widget-container\">\n\t\t\t<div class=\"elementor-jet-team-member jet-elements\"><div class=\"jet-team-member\">\n\t<div class=\"jet-team-member__inner\">\n\t\t<div class=\"jet-team-member__image\">\n\t\t\t<div class=\"jet-team-member__cover\"><h3 class=\"jet-team-member__name\"><span class=\"jet-team-member__name-first\">TRANSFERENCIAS<br><\/span><\/h3><div class=\"jet-team-member__position\"><span>INFORME 2022<\/span><\/div><div class=\"jet-team-member__socials\"><div class=\"jet-team-member__socials-item\"><a href=\"#\" aria-label=\"Facebook\"><\/a><\/div><\/div><div class=\"jet-team-member__button-container\"><a class=\"elementor-button elementor-size-md jet-team-member__button\" href=\"https:\/\/informeafa.com\/2022\/transferencias-jug\">VER M\u00c1S<\/a><\/div><\/div>\n\t\t\t<figure class=\"jet-team-member__figure\"><img loading=\"lazy\" decoding=\"async\" width=\"319\" height=\"338\" src=\"https:\/\/informeafa.com\/2022\/wp-content\/uploads\/2022\/12\/transferencias.jpeg\" class=\"jet-team-member__img-tag\" alt=\"transferencias\" srcset=\"https:\/\/informeafa.com\/2022\/wp-content\/uploads\/2022\/12\/transferencias.jpeg 319w, https:\/\/informeafa.com\/2022\/wp-content\/uploads\/2022\/12\/transferencias-283x300.jpeg 283w\" sizes=\"(max-width: 319px) 100vw, 319px\" \/><\/figure>\t\t<\/div>\n\t\t<div class=\"jet-team-member__content\"><\/div>\n\t<\/div>\n<\/div>\n<\/div>\t\t<\/div>\n\t\t\t\t<\/div>\n\t\t\t\t\t<\/div>\n\t\t<\/div>\n\t\t\t\t\t\t\t<\/div>\n\t\t<\/section>\n\t\t\t\t\t\t\t<\/div>\n\t\t","protected":false},"excerpt":{"rendered":"<p>PALABRAS DE CLAUDIO FABI\u00c1N TAPIA PRESIDENTE DE LA ASOCIACI\u00d3N DEL F\u00daTBOL ARGENTINOVER PALABRAS DE ORNELLA DESIREE BELLIA DIRECTORA DE F\u00daTBOL PROFESIONAL DE LA FIFAVER&#8230;<\/p>\n","protected":false},"author":1,"featured_media":11621,"parent":0,"menu_order":0,"comment_status":"closed","ping_status":"closed","template":"","meta":{"footnotes":""},"folder":[137],"class_list":["post-11603","page","type-page","status-publish","has-post-thumbnail","hentry"],"acf":[],"_links":{"self":[{"href":"https:\/\/informeafa.com\/2022\/wp-json\/wp\/v2\/pages\/11603","targetHints":{"allow":["GET"]}}],"collection":[{"href":"https:\/\/informeafa.com\/2022\/wp-json\/wp\/v2\/pages"}],"about":[{"href":"https:\/\/informeafa.com\/2022\/wp-json\/wp\/v2\/types\/page"}],"author":[{"embeddable":true,"href":"https:\/\/informeafa.com\/2022\/wp-json\/wp\/v2\/users\/1"}],"replies":[{"embeddable":true,"href":"https:\/\/informeafa.com\/2022\/wp-json\/wp\/v2\/comments?post=11603"}],"version-history":[{"count":21,"href":"https:\/\/informeafa.com\/2022\/wp-json\/wp\/v2\/pages\/11603\/revisions"}],"predecessor-version":[{"id":16998,"href":"https:\/\/informeafa.com\/2022\/wp-json\/wp\/v2\/pages\/11603\/revisions\/16998"}],"wp:featuredmedia":[{"embeddable":true,"href":"https:\/\/informeafa.com\/2022\/wp-json\/wp\/v2\/media\/11621"}],"wp:attachment":[{"href":"https:\/\/informeafa.com\/2022\/wp-json\/wp\/v2\/media?parent=11603"}],"wp:term":[{"taxonomy":"folder","embeddable":true,"href":"https:\/\/informeafa.com\/2022\/wp-json\/wp\/v2\/folder?post=11603"}],"curies":[{"name":"wp","href":"https:\/\/api.w.org\/{rel}","templated":true}]}}